{"id":7772,"date":"2024-08-04T14:16:27","date_gmt":"2024-08-04T14:16:27","guid":{"rendered":"https:\/\/data4lunghealth.ca\/?page_id=7772"},"modified":"2025-10-28T18:49:12","modified_gmt":"2025-10-28T22:49:12","slug":"about-shaire","status":"publish","type":"page","link":"https:\/\/data4lunghealth.ca\/fr\/about-shaire\/","title":{"rendered":"A propos de shAIRe"},"content":{"rendered":"<div data-elementor-type=\"wp-page\" data-elementor-id=\"7772\" class=\"elementor elementor-7772\" data-elementor-post-type=\"page\">\n\t\t\t\t<div class=\"elementor-element elementor-element-abd8bc3 e-flex e-con-boxed e-con e-parent\" data-id=\"abd8bc3\" data-element_type=\"container\" data-e-type=\"container\" data-settings=\"{&quot;background_background&quot;:&quot;classic&quot;}\">\n\t\t\t\t\t<div class=\"e-con-inner\">\n\t\t\t\t<div class=\"elementor-element elementor-element-1b65b85 elementor-align-left elementor-widget elementor-widget-raven-breadcrumbs\" data-id=\"1b65b85\" data-element_type=\"widget\" data-e-type=\"widget\" data-widget_type=\"raven-breadcrumbs.default\">\n\t\t\t\t<div class=\"elementor-widget-container\">\n\t\t\t\t\t<div class=\"raven-breadcrumbs raven-breadcrumbs-default\"><div class=\"breadcrumb\">\t\t\t\t<div class=\"breadcrumb-item active\" aria-current=\"page\"><span>Maison<\/span><\/div>\n\n\t\t\t\t<\/div><\/div>\t\t\t\t<\/div>\n\t\t\t\t<\/div>\n\t\t\t\t\t<\/div>\n\t\t\t\t<\/div>\n\t\t<div class=\"elementor-element elementor-element-b07a7ba e-flex e-con-boxed e-con e-parent\" data-id=\"b07a7ba\" data-element_type=\"container\" data-e-type=\"container\" data-settings=\"{&quot;background_background&quot;:&quot;classic&quot;}\">\n\t\t\t\t\t<div class=\"e-con-inner\">\n\t\t\t\t<div class=\"elementor-element elementor-element-eec4e78 elementor-widget elementor-widget-text-editor\" data-id=\"eec4e78\" data-element_type=\"widget\" data-e-type=\"widget\" data-widget_type=\"text-editor.default\">\n\t\t\t\t<div class=\"elementor-widget-container\">\n\t\t\t\t\t\t\t\t\t<p><strong>shAIRe<\/strong> est une plateforme con\u00e7ue pour partager les connaissances et les ressources sur la sant\u00e9 pulmonaire au Canada. Cette initiative vise \u00e0 relier et \u00e0 renforcer les infrastructures de donn\u00e9es existantes pertinentes \u00e0 la recherche respiratoire afin de soutenir la mission du CRRN. <em>Favoriser la recherche collaborative en sant\u00e9 respiratoire partout au Canada<\/em>.\u00a0<\/p><h2>Objectifs g\u00e9n\u00e9raux :<\/h2><ul><li>D\u00e9velopper un r\u00e9seau et une plateforme de partage de donn\u00e9es multidimensionnelles pancanadiennes int\u00e9gr\u00e9es qui soutiennent la recherche respiratoire tout au long de la vie<\/li><li>Maintenir un r\u00e9seau de scientifiques de multiples disciplines qui peuvent \u00eatre facilement mobilis\u00e9s pour exploiter l&#039;infrastructure de donn\u00e9es<\/li><li>Offrir une formation au personnel hautement qualifi\u00e9 et aux membres participants pour d\u00e9velopper des comp\u00e9tences dans l&#039;analyse de donn\u00e9es multidimensionnelles<\/li><\/ul><h3>Objectifs secondaires :<\/h3><ul><li>Cr\u00e9er un registre pancanadien de participants pour soutenir la recherche respiratoire et les essais cliniques au Canada<\/li><li>Soutenir les collaborations nationales et internationales<\/li><li>\u00c9tablir des partenariats avec l&#039;industrie<\/li><li>Investir dans des technologies\/solutions informatiques interop\u00e9rables<\/li><li>Partager des outils et des connaissances pour analyser\/exploiter des donn\u00e9es multidimensionnelles :<ul><li>Plateforme de visualisation<\/li><li>Suite d&#039;outils d&#039;analyse<\/li><\/ul><\/li><li>Optimiser les accords de partage de donn\u00e9es entre les juridictions<\/li><li>Partager des ressources pour soutenir la collecte de donn\u00e9es partout au Canada et dans toutes les disciplines<\/li><li>Soutenir la gestion des donn\u00e9es selon les principes FAIR et la s\u00e9curit\u00e9. Permettre la reproductibilit\u00e9 de la recherche.<\/li><\/ul><div>\u00a0<\/div><h2>Rencontrez les dirigeants de shAIRe :<\/h2>\t\t\t\t\t\t\t\t<\/div>\n\t\t\t\t<\/div>\n\t\t\t\t\t<\/div>\n\t\t\t\t<\/div>\n\t\t<div class=\"elementor-element elementor-element-1fba91d6 e-grid e-con-boxed e-con e-parent\" data-id=\"1fba91d6\" data-element_type=\"container\" data-e-type=\"container\" data-settings=\"{&quot;background_background&quot;:&quot;classic&quot;}\">\n\t\t\t\t\t<div class=\"e-con-inner\">\n\t\t\t\t<div class=\"elementor-element elementor-element-10e23525 elementor-widget elementor-widget-image\" data-id=\"10e23525\" data-element_type=\"widget\" data-e-type=\"widget\" data-widget_type=\"image.default\">\n\t\t\t\t<div class=\"elementor-widget-container\">\n\t\t\t\t\t\t\t\t\t\t\t\t\t\t\t<img fetchpriority=\"high\" decoding=\"async\" width=\"1828\" height=\"2560\" src=\"https:\/\/data4lunghealth.ca\/wp-content\/uploads\/2025\/05\/Stanjevic_photo-scaled.jpg\" class=\"attachment-full size-full wp-image-11312\" alt=\"ShAIRE|About shAIReStanjevic_photo\" srcset=\"https:\/\/data4lunghealth.ca\/wp-content\/uploads\/2025\/05\/Stanjevic_photo-scaled.jpg 1828w, https:\/\/data4lunghealth.ca\/wp-content\/uploads\/2025\/05\/Stanjevic_photo-214x300.jpg 214w, https:\/\/data4lunghealth.ca\/wp-content\/uploads\/2025\/05\/Stanjevic_photo-731x1024.jpg 731w, https:\/\/data4lunghealth.ca\/wp-content\/uploads\/2025\/05\/Stanjevic_photo-768x1075.jpg 768w, https:\/\/data4lunghealth.ca\/wp-content\/uploads\/2025\/05\/Stanjevic_photo-1097x1536.jpg 1097w, https:\/\/data4lunghealth.ca\/wp-content\/uploads\/2025\/05\/Stanjevic_photo-1463x2048.jpg 1463w\" sizes=\"(max-width: 1828px) 100vw, 1828px\" title=\"SHAIRE | \u00c0 propos de shAIReStanjevic_photo\" \/>\t\t\t\t\t\t\t\t\t\t\t\t\t\t\t<\/div>\n\t\t\t\t<\/div>\n\t\t\t\t<div class=\"elementor-element elementor-element-6ebb7c8e elementor-widget elementor-widget-image\" data-id=\"6ebb7c8e\" data-element_type=\"widget\" data-e-type=\"widget\" data-widget_type=\"image.default\">\n\t\t\t\t<div class=\"elementor-widget-container\">\n\t\t\t\t\t\t\t\t\t\t\t\t\t\t\t<img decoding=\"async\" width=\"252\" height=\"300\" src=\"https:\/\/data4lunghealth.ca\/wp-content\/uploads\/2025\/05\/Rousseau_Simon_2023-1-252x300.jpg\" class=\"attachment-medium size-medium wp-image-11314\" alt=\"ShAIRE|About shAIReRousseau_Simon_2023\" srcset=\"https:\/\/data4lunghealth.ca\/wp-content\/uploads\/2025\/05\/Rousseau_Simon_2023-1-252x300.jpg 252w, https:\/\/data4lunghealth.ca\/wp-content\/uploads\/2025\/05\/Rousseau_Simon_2023-1-861x1024.jpg 861w, https:\/\/data4lunghealth.ca\/wp-content\/uploads\/2025\/05\/Rousseau_Simon_2023-1-768x913.jpg 768w, https:\/\/data4lunghealth.ca\/wp-content\/uploads\/2025\/05\/Rousseau_Simon_2023-1-1292x1536.jpg 1292w, https:\/\/data4lunghealth.ca\/wp-content\/uploads\/2025\/05\/Rousseau_Simon_2023-1-1722x2048.jpg 1722w\" sizes=\"(max-width: 252px) 100vw, 252px\" title=\"ShAIRE | \u00c0 propos de shAIReRousseau_Simon_2023\" \/>\t\t\t\t\t\t\t\t\t\t\t\t\t\t\t<\/div>\n\t\t\t\t<\/div>\n\t\t\t\t<div class=\"elementor-element elementor-element-5cac881a elementor-widget elementor-widget-image\" data-id=\"5cac881a\" data-element_type=\"widget\" data-e-type=\"widget\" data-widget_type=\"image.default\">\n\t\t\t\t<div class=\"elementor-widget-container\">\n\t\t\t\t\t\t\t\t\t\t\t\t\t\t\t<img decoding=\"async\" width=\"225\" height=\"300\" src=\"https:\/\/data4lunghealth.ca\/wp-content\/uploads\/2025\/04\/EB-1-225x300.jpg\" class=\"attachment-medium size-medium wp-image-11142\" alt=\"ShAIRE|About shAIReEB (1)\" srcset=\"https:\/\/data4lunghealth.ca\/wp-content\/uploads\/2025\/04\/EB-1-225x300.jpg 225w, https:\/\/data4lunghealth.ca\/wp-content\/uploads\/2025\/04\/EB-1.jpg 480w\" sizes=\"(max-width: 225px) 100vw, 225px\" title=\"ShAIRE | \u00c0 propos de shAIReEB (1)\" \/>\t\t\t\t\t\t\t\t\t\t\t\t\t\t\t<\/div>\n\t\t\t\t<\/div>\n\t\t\t\t<div class=\"elementor-element elementor-element-34d04b5a elementor-widget elementor-widget-text-editor\" data-id=\"34d04b5a\" data-element_type=\"widget\" data-e-type=\"widget\" data-widget_type=\"text-editor.default\">\n\t\t\t\t<div class=\"elementor-widget-container\">\n\t\t\t\t\t\t\t\t\t<h3><strong>Dr Sanja Stanojevic; PhD<\/strong><\/h3><h6>Professeur agr\u00e9g\u00e9, Universit\u00e9 Dalhousie<\/h6>\t\t\t\t\t\t\t\t<\/div>\n\t\t\t\t<\/div>\n\t\t\t\t<div class=\"elementor-element elementor-element-746a8ecc elementor-widget elementor-widget-text-editor\" data-id=\"746a8ecc\" data-element_type=\"widget\" data-e-type=\"widget\" data-widget_type=\"text-editor.default\">\n\t\t\t\t<div class=\"elementor-widget-container\">\n\t\t\t\t\t\t\t\t\t<h3><strong>Dr Simon Rousseau; PhD<\/strong><\/h3><h6><span class=\"TextRun SCXW161866789 BCX8\" lang=\"EN-US\" xml:lang=\"EN-US\" data-contrast=\"auto\"><span class=\"NormalTextRun SCXW161866789 BCX8\">Professeur agr\u00e9g\u00e9, Institut de recherche de McGill<\/span><\/span><\/h6><h6><span class=\"TextRun SCXW161866789 BCX8\" lang=\"EN-US\" xml:lang=\"EN-US\" data-contrast=\"auto\"><span class=\"NormalTextRun SCXW161866789 BCX8\">Directeur, R\u00e9seau canadien de recherche respiratoire<\/span><\/span><\/h6>\t\t\t\t\t\t\t\t<\/div>\n\t\t\t\t<\/div>\n\t\t\t\t<div class=\"elementor-element elementor-element-406ccdc5 elementor-widget elementor-widget-text-editor\" data-id=\"406ccdc5\" data-element_type=\"widget\" data-e-type=\"widget\" data-widget_type=\"text-editor.default\">\n\t\t\t\t<div class=\"elementor-widget-container\">\n\t\t\t\t\t\t\t\t\t<h3><strong>Dr Emily Brigham; MD, MHS<\/strong><\/h3><h6><span data-contrast=\"none\">Professeur agr\u00e9g\u00e9 de pneumologie, chaire Legacy for Airway Health, Universit\u00e9 de la Colombie-Britannique<\/span><span data-ccp-props=\"{&quot;134233117&quot;:false,&quot;134233118&quot;:false,&quot;335559738&quot;:0,&quot;335559739&quot;:0}\">\u00a0<\/span><\/h6><h6><span data-contrast=\"none\">Chercheur scientifique, Vancouver Coastal Health Research Institute<\/span><span data-ccp-props=\"{&quot;134233117&quot;:false,&quot;134233118&quot;:false,&quot;335559738&quot;:0,&quot;335559739&quot;:0}\">\u00a0<\/span><\/h6><p>\u00a0<\/p>\t\t\t\t\t\t\t\t<\/div>\n\t\t\t\t<\/div>\n\t\t\t\t\t<\/div>\n\t\t\t\t<\/div>\n\t\t<div class=\"elementor-element elementor-element-988ac71 e-flex e-con-boxed e-con e-parent\" data-id=\"988ac71\" data-element_type=\"container\" data-e-type=\"container\" data-settings=\"{&quot;background_background&quot;:&quot;classic&quot;}\">\n\t\t\t\t\t<div class=\"e-con-inner\">\n\t\t\t\t<div class=\"elementor-element elementor-element-f4ef597 elementor-widget elementor-widget-text-editor\" data-id=\"f4ef597\" data-element_type=\"widget\" data-e-type=\"widget\" data-widget_type=\"text-editor.default\">\n\t\t\t\t<div class=\"elementor-widget-container\">\n\t\t\t\t\t\t\t\t\t<h2>Notre \u00e9quipe :<\/h2><p>Nous sommes une \u00e9quipe multidisciplinaire de chercheurs qui partagent un objectif commun : accro\u00eetre la sensibilisation \u00e0 la sant\u00e9 pulmonaire et am\u00e9liorer l\u2019acc\u00e8s \u00e0 la recherche respiratoire.<\/p>\t\t\t\t\t\t\t\t<\/div>\n\t\t\t\t<\/div>\n\t\t\t\t\t<\/div>\n\t\t\t\t<\/div>\n\t\t<div class=\"elementor-element elementor-element-74401e1 e-flex e-con-boxed e-con e-parent\" data-id=\"74401e1\" data-element_type=\"container\" data-e-type=\"container\" data-settings=\"{&quot;background_background&quot;:&quot;classic&quot;}\">\n\t\t\t\t\t<div class=\"e-con-inner\">\n\t\t<div class=\"elementor-element elementor-element-2ce9665 e-con-full e-flex e-con e-child\" data-id=\"2ce9665\" data-element_type=\"container\" data-e-type=\"container\">\n\t\t\t\t<div class=\"elementor-element elementor-element-5680c23 elementor-widget elementor-widget-text-editor\" data-id=\"5680c23\" data-element_type=\"widget\" data-e-type=\"widget\" data-widget_type=\"text-editor.default\">\n\t\t\t\t<div class=\"elementor-widget-container\">\n\t\t\t\t\t\t\t\t\t<h3>Nouvelle-\u00c9cosse :<\/h3><ul><li><a href=\"https:\/\/medicine.dal.ca\/departments\/department-sites\/community-health\/our-people\/our-faculty\/sanja-stanojevic.html\" target=\"_blank\" rel=\"noopener noreferrer nofollow\"> Sanja Stanojevic <\/a>(Doctorat)<\/li><\/ul><h3>Nouveau-Brunswick :<\/h3><ul><li><a href=\"https:\/\/www.csrt.com\/staff\/\" target=\"_blank\" rel=\"noopener noreferrer nofollow\">Carolyn McCoy <\/a>(RT, BHSc)<\/li><\/ul><h3>Qu\u00e9bec :<\/h3><ul><li><a href=\"https:\/\/www.mcgill.ca\/expmed\/dr-simon-rousseau\" target=\"_blank\" rel=\"noopener noreferrer nofollow\"> Simon Rousseau <\/a>(Doctorat)<\/li><li><a href=\"https:\/\/canue.ca\/leadership-and-staff\/\" target=\"_blank\" rel=\"noopener noreferrer nofollow\"> Dany Doiron <\/a>(Doctorat)<\/li><li><a href=\"https:\/\/www.mcgill.ca\/expmed\/dr-isabel-fortier\" target=\"_blank\" rel=\"noopener noreferrer nofollow\"> Isabelle Fortier <\/a>(Doctorat)<\/li><li><a href=\"https:\/\/www.mcgill.ca\/expmed\/dr-man-h-zawati\" target=\"_blank\" rel=\"noopener noreferrer nofollow\"> Ma&#039;n Zawati <\/a>(LLB, LLM, PhD)<\/li><li><a href=\"https:\/\/www.mcgillgenomecentre.ca\/investigators\/guillaume-bourque\/\" target=\"_blank\" rel=\"noopener noreferrer nofollow\"> Guillaume Borque <\/a>(Doctorat)<\/li><li><a href=\"https:\/\/www.mcgill.ca\/expmed\/dr-benjamin-smith\" target=\"_blank\" rel=\"noopener noreferrer nofollow\">Dr Benjamin Smith <\/a>(MD, MSc)<\/li><\/ul>\t\t\t\t\t\t\t\t<\/div>\n\t\t\t\t<\/div>\n\t\t\t\t<\/div>\n\t\t<div class=\"elementor-element elementor-element-999a847 e-con-full e-flex e-con e-child\" data-id=\"999a847\" data-element_type=\"container\" data-e-type=\"container\">\n\t\t\t\t<div class=\"elementor-element elementor-element-e19a165 elementor-widget elementor-widget-text-editor\" data-id=\"e19a165\" data-element_type=\"widget\" data-e-type=\"widget\" data-widget_type=\"text-editor.default\">\n\t\t\t\t<div class=\"elementor-widget-container\">\n\t\t\t\t\t\t\t\t\t<h3>Ontario :<\/h3><ul><li><a href=\"https:\/\/www.ohri.ca\/profile\/saaron\/profile\" target=\"_blank\" rel=\"noopener noreferrer nofollow\"> Shawn Aaron <\/a>(MD, MSc)<\/li><li><a href=\"https:\/\/respiratoryresearchnetwork.ca\/contact-us\" target=\"_blank\" rel=\"noopener noreferrer nofollow\">Kathy Vandemheen <\/a>(MScN, IA)<\/li><li><a href=\"https:\/\/canue.ca\/leadership-and-staff\/\" target=\"_blank\" rel=\"noopener noreferrer nofollow\"> Jeff Brook <\/a>(Doctorat, Ma\u00eetrise)<\/li><li><a href=\"https:\/\/ihpme.utoronto.ca\/faculty-profile\/andrea-s-gershon\/\" target=\"_blank\" rel=\"noopener noreferrer nofollow\"> Andrea Gershon <\/a>(MD, MSc)<\/li><li><a href=\"https:\/\/www.researchgate.net\/profile\/Cole-Bowerman\" target=\"_blank\" rel=\"noopener noreferrer nofollow\"> Cole Bowerman <\/a>(MD, MSc)<\/li><\/ul><h3>Alberta :<\/h3><ul><li><a href=\"https:\/\/apps.ualberta.ca\/directory\/person\/mks2\" target=\"_blank\" rel=\"noopener noreferrer nofollow\"> Michael Stickland <\/a>(Doctorat)<\/li><\/ul><h3>Colombie-Britannique :<\/h3><ul><li><a href=\"https:\/\/centreforlunghealth.ca\/brigham-dr-emily-brigham-md-mhs\/\" target=\"_blank\" rel=\"noopener noreferrer nofollow\"> Emily Brigham <\/a>(MD, MHSc)<\/li><li><a href=\"https:\/\/pharmsci.ubc.ca\/directory\/mohsen-sadatsafavi\" target=\"_blank\" rel=\"noopener noreferrer nofollow\"> Mohsen Sadatsafavi <\/a>(Ph.D., MD)<\/li><li><a href=\"https:\/\/www.hli.ubc.ca\/researchers\/pat-camp\/\" target=\"_blank\" rel=\"noopener noreferrer nofollow\"> Pat Camp <\/a>(Ph.D., PT)<\/li><li><a href=\"https:\/\/centreforlunghealth.ca\/bergeron-dr-celine-bergeron-md-frcpc-msc\/\" target=\"_blank\" rel=\"noopener noreferrer nofollow\"> C\u00e9line Bergeron <\/a>(MD, MSc)<\/li><\/ul>\t\t\t\t\t\t\t\t<\/div>\n\t\t\t\t<\/div>\n\t\t\t\t<\/div>\n\t\t<div class=\"elementor-element elementor-element-df654c7 e-con-full e-flex e-con e-child\" data-id=\"df654c7\" data-element_type=\"container\" data-e-type=\"container\">\n\t\t\t\t<div class=\"elementor-element elementor-element-e8d18ad elementor-widget elementor-widget-text-editor\" data-id=\"e8d18ad\" data-element_type=\"widget\" data-e-type=\"widget\" data-widget_type=\"text-editor.default\">\n\t\t\t\t<div class=\"elementor-widget-container\">\n\t\t\t\t\t\t\t\t\t<h3>Collaborateurs internationaux :<\/h3><ul><li><a href=\"https:\/\/ki.se\/en\/people\/erik-melen#about-me\" target=\"_blank\" rel=\"noopener noreferrer nofollow\"> Erik Melen <\/a>(PhD, MD) Su\u00e8de<\/li><li><a href=\"https:\/\/profiles.imperial.ac.uk\/j.allinson\" target=\"_blank\" rel=\"noopener noreferrer nofollow\"> James Allinson <\/a>(BMBCh, PhD) Angleterre<\/li><li><a href=\"https:\/\/www.clinicbarcelona.org\/en\/professionals\/maria-rosa-faner\" target=\"_blank\" rel=\"noopener noreferrer nofollow\"> Maria Rosa Faner <\/a>(PhD) Espagne<\/li><li>Pippa Powell (PhD) Angleterre<\/li><li><a href=\"https:\/\/findanexpert.unimelb.edu.au\/profile\/342223-bruce-thompson\" target=\"_blank\" rel=\"noopener noreferrer nofollow\">Dr Bruce Thompson <\/a>(PhD) Australie<\/li><\/ul>\t\t\t\t\t\t\t\t<\/div>\n\t\t\t\t<\/div>\n\t\t\t\t<\/div>\n\t\t\t\t\t<\/div>\n\t\t\t\t<\/div>\n\t\t\t\t<\/div>","protected":false},"excerpt":{"rendered":"<p>Home shAIRe is a platform designed to share knowledge and resources about lung health in Canada. This initiative aims to link and strengthen existing data infrastructures relevant to respiratory research to support CRRN\u2019s mission to Empower collaborative respiratory health research across Canada.\u00a0 Overarching goals: Develop an integrated pan-Canadian multidimensional data network and sharing platform that [&hellip;]<\/p>\n","protected":false},"author":1,"featured_media":0,"parent":0,"menu_order":11,"comment_status":"closed","ping_status":"closed","template":"full-width.php","meta":{"_acf_changed":false,"iawp_total_views":523,"footnotes":""},"class_list":["post-7772","page","type-page","status-publish","hentry"],"acf":[],"aioseo_notices":[],"_links":{"self":[{"href":"https:\/\/data4lunghealth.ca\/fr\/wp-json\/wp\/v2\/pages\/7772","targetHints":{"allow":["GET"]}}],"collection":[{"href":"https:\/\/data4lunghealth.ca\/fr\/wp-json\/wp\/v2\/pages"}],"about":[{"href":"https:\/\/data4lunghealth.ca\/fr\/wp-json\/wp\/v2\/types\/page"}],"author":[{"embeddable":true,"href":"https:\/\/data4lunghealth.ca\/fr\/wp-json\/wp\/v2\/users\/1"}],"replies":[{"embeddable":true,"href":"https:\/\/data4lunghealth.ca\/fr\/wp-json\/wp\/v2\/comments?post=7772"}],"version-history":[{"count":5,"href":"https:\/\/data4lunghealth.ca\/fr\/wp-json\/wp\/v2\/pages\/7772\/revisions"}],"predecessor-version":[{"id":11673,"href":"https:\/\/data4lunghealth.ca\/fr\/wp-json\/wp\/v2\/pages\/7772\/revisions\/11673"}],"wp:attachment":[{"href":"https:\/\/data4lunghealth.ca\/fr\/wp-json\/wp\/v2\/media?parent=7772"}],"curies":[{"name":"wp","href":"https:\/\/api.w.org\/{rel}","templated":true}]}}