{"id":25,"date":"2024-06-27T01:03:56","date_gmt":"2024-06-27T01:03:56","guid":{"rendered":"https:\/\/data4lunghealth.ca\/?page_id=25"},"modified":"2026-03-12T09:06:49","modified_gmt":"2026-03-12T13:06:49","slug":"home","status":"publish","type":"page","link":"https:\/\/data4lunghealth.ca\/fr\/","title":{"rendered":"Maison"},"content":{"rendered":"<div data-elementor-type=\"wp-page\" data-elementor-id=\"25\" class=\"elementor elementor-25\" data-elementor-post-type=\"page\">\n\t\t\t\t<div class=\"elementor-element elementor-element-409d67a e-flex e-con-boxed e-con e-parent\" data-id=\"409d67a\" data-element_type=\"container\" data-e-type=\"container\" data-settings=\"{&quot;background_background&quot;:&quot;classic&quot;}\">\n\t\t\t\t\t<div class=\"e-con-inner\">\n\t\t<div class=\"elementor-element elementor-element-5c0d057 e-con-full e-flex e-con e-child\" data-id=\"5c0d057\" data-element_type=\"container\" data-e-type=\"container\">\n\t\t\t\t<div class=\"elementor-element elementor-element-c28552d elementor-widget elementor-widget-text-editor\" data-id=\"c28552d\" data-element_type=\"widget\" data-e-type=\"widget\" data-widget_type=\"text-editor.default\">\n\t\t\t\t<div class=\"elementor-widget-container\">\n\t\t\t\t\t\t\t\t\t<p class=\"p1\"><strong>shAIRe<\/strong> est une communaut\u00e9 con\u00e7ue pour partager des connaissances et des ressources sur la sant\u00e9 respiratoire au Canada.<\/p>\t\t\t\t\t\t\t\t<\/div>\n\t\t\t\t<\/div>\n\t\t\t\t<\/div>\n\t\t\t\t\t<\/div>\n\t\t\t\t<\/div>\n\t\t<div class=\"elementor-element elementor-element-ddc0dbd elementor-hidden-mobile e-flex e-con-boxed e-con e-parent\" data-id=\"ddc0dbd\" data-element_type=\"container\" data-e-type=\"container\" data-settings=\"{&quot;background_background&quot;:&quot;video&quot;,&quot;background_video_link&quot;:&quot;https:\\\/\\\/data4lunghealth.ca\\\/wp-content\\\/uploads\\\/2025\\\/03\\\/ShAIRe-New.mp4&quot;,&quot;background_play_on_mobile&quot;:&quot;yes&quot;}\">\n\t\t\t\t\t<div class=\"e-con-inner\">\n\t\t<div class=\"elementor-background-video-container\">\n\t\t\t\t\t\t\t<video class=\"elementor-background-video-hosted\" role=\"presentation\" autoplay muted playsinline loop><\/video>\n\t\t\t\t\t<\/div><div class=\"elementor-element elementor-element-8ac6991 e-con-full e-flex e-con e-child\" data-id=\"8ac6991\" data-element_type=\"container\" data-e-type=\"container\">\n\t\t\t\t<div class=\"elementor-element elementor-element-a336d12 elementor-widget elementor-widget-image\" data-id=\"a336d12\" data-element_type=\"widget\" data-e-type=\"widget\" data-widget_type=\"image.default\">\n\t\t\t\t<div class=\"elementor-widget-container\">\n\t\t\t\t\t\t\t\t\t\t\t\t\t\t\t<img fetchpriority=\"high\" decoding=\"async\" width=\"2058\" height=\"854\" src=\"https:\/\/data4lunghealth.ca\/wp-content\/uploads\/2025\/01\/Logo-White.png\" class=\"attachment-full size-full wp-image-10184\" alt=\"ShAIRE|HomeLogo White\" srcset=\"https:\/\/data4lunghealth.ca\/wp-content\/uploads\/2025\/01\/Logo-White.png 2058w, https:\/\/data4lunghealth.ca\/wp-content\/uploads\/2025\/01\/Logo-White-300x124.png 300w, https:\/\/data4lunghealth.ca\/wp-content\/uploads\/2025\/01\/Logo-White-1024x425.png 1024w, https:\/\/data4lunghealth.ca\/wp-content\/uploads\/2025\/01\/Logo-White-768x319.png 768w, https:\/\/data4lunghealth.ca\/wp-content\/uploads\/2025\/01\/Logo-White-1536x637.png 1536w, https:\/\/data4lunghealth.ca\/wp-content\/uploads\/2025\/01\/Logo-White-2048x850.png 2048w\" sizes=\"(max-width: 2058px) 100vw, 2058px\" title=\"ShAIRE | HomeLogo Blanc\" \/>\t\t\t\t\t\t\t\t\t\t\t\t\t\t\t<\/div>\n\t\t\t\t<\/div>\n\t\t\t\t<\/div>\n\t\t<div class=\"elementor-element elementor-element-ae4a362 e-con-full e-flex e-con e-child\" data-id=\"ae4a362\" data-element_type=\"container\" data-e-type=\"container\">\n\t\t\t\t<div class=\"elementor-element elementor-element-91dac29 elementor-align-center elementor-widget elementor-widget-button\" data-id=\"91dac29\" data-element_type=\"widget\" data-e-type=\"widget\" data-widget_type=\"button.default\">\n\t\t\t\t<div class=\"elementor-widget-container\">\n\t\t\t\t\t\t\t\t\t<div class=\"elementor-button-wrapper\">\n\t\t\t\t\t<a class=\"elementor-button elementor-button-link elementor-size-sm elementor-animation-grow\" href=\"https:\/\/data4lunghealth.ca\/fr\/registry\/\">\n\t\t\t\t\t\t<span class=\"elementor-button-content-wrapper\">\n\t\t\t\t\t\t\t\t\t<span class=\"elementor-button-text\">Registre de la sant\u00e9 pulmonaire<\/span>\n\t\t\t\t\t<\/span>\n\t\t\t\t\t<\/a>\n\t\t\t\t<\/div>\n\t\t\t\t\t\t\t\t<\/div>\n\t\t\t\t<\/div>\n\t\t\t\t<div class=\"elementor-element elementor-element-27e6415 elementor-widget elementor-widget-heading\" data-id=\"27e6415\" data-element_type=\"widget\" data-e-type=\"widget\" data-widget_type=\"heading.default\">\n\t\t\t\t<div class=\"elementor-widget-container\">\n\t\t\t\t\t<h2 class=\"elementor-heading-title elementor-size-default\">Apprendre \u00e0 participer \u00e0 la recherche sur la sant\u00e9 pulmonaire<\/h2>\t\t\t\t<\/div>\n\t\t\t\t<\/div>\n\t\t\t\t<\/div>\n\t\t<div class=\"elementor-element elementor-element-dc07174 e-con-full e-flex e-con e-child\" data-id=\"dc07174\" data-element_type=\"container\" data-e-type=\"container\">\n\t\t\t\t<div class=\"elementor-element elementor-element-cc4df4a elementor-align-center elementor-widget elementor-widget-button\" data-id=\"cc4df4a\" data-element_type=\"widget\" data-e-type=\"widget\" data-widget_type=\"button.default\">\n\t\t\t\t<div class=\"elementor-widget-container\">\n\t\t\t\t\t\t\t\t\t<div class=\"elementor-button-wrapper\">\n\t\t\t\t\t<a class=\"elementor-button elementor-button-link elementor-size-sm elementor-animation-grow\" href=\"https:\/\/data4lunghealth.ca\/fr\/can-lung\/\">\n\t\t\t\t\t\t<span class=\"elementor-button-content-wrapper\">\n\t\t\t\t\t\t\t\t\t<span class=\"elementor-button-text\">En savoir plus sur la sant\u00e9 de vos poumons<\/span>\n\t\t\t\t\t<\/span>\n\t\t\t\t\t<\/a>\n\t\t\t\t<\/div>\n\t\t\t\t\t\t\t\t<\/div>\n\t\t\t\t<\/div>\n\t\t\t\t<div class=\"elementor-element elementor-element-c5112e6 elementor-widget elementor-widget-heading\" data-id=\"c5112e6\" data-element_type=\"widget\" data-e-type=\"widget\" data-widget_type=\"heading.default\">\n\t\t\t\t<div class=\"elementor-widget-container\">\n\t\t\t\t\t<h2 class=\"elementor-heading-title elementor-size-default\">CAN-LUNG et autres liens sur la sant\u00e9 pulmonaire<\/h2>\t\t\t\t<\/div>\n\t\t\t\t<\/div>\n\t\t\t\t<\/div>\n\t\t\t\t\t<\/div>\n\t\t\t\t<\/div>\n\t\t<div class=\"elementor-element elementor-element-4426ac2 elementor-hidden-desktop e-flex e-con-boxed e-con e-parent\" data-id=\"4426ac2\" data-element_type=\"container\" data-e-type=\"container\" data-settings=\"{&quot;background_background&quot;:&quot;video&quot;,&quot;background_video_link&quot;:&quot;https:\\\/\\\/data4lunghealth.ca\\\/wp-content\\\/uploads\\\/2025\\\/03\\\/ShAIRe-New.mp4&quot;,&quot;background_play_on_mobile&quot;:&quot;yes&quot;}\">\n\t\t\t\t\t<div class=\"e-con-inner\">\n\t\t<div class=\"elementor-background-video-container\">\n\t\t\t\t\t\t\t<video class=\"elementor-background-video-hosted\" role=\"presentation\" autoplay muted playsinline loop><\/video>\n\t\t\t\t\t<\/div><div class=\"elementor-element elementor-element-3f10d4f e-con-full e-flex e-con e-child\" data-id=\"3f10d4f\" data-element_type=\"container\" data-e-type=\"container\">\n\t\t\t\t<div class=\"elementor-element elementor-element-b81d238 elementor-widget elementor-widget-image\" data-id=\"b81d238\" data-element_type=\"widget\" data-e-type=\"widget\" data-widget_type=\"image.default\">\n\t\t\t\t<div class=\"elementor-widget-container\">\n\t\t\t\t\t\t\t\t\t\t\t\t\t\t\t<img fetchpriority=\"high\" decoding=\"async\" width=\"2058\" height=\"854\" src=\"https:\/\/data4lunghealth.ca\/wp-content\/uploads\/2025\/01\/Logo-White.png\" class=\"attachment-full size-full wp-image-10184\" alt=\"ShAIRE|HomeLogo White\" srcset=\"https:\/\/data4lunghealth.ca\/wp-content\/uploads\/2025\/01\/Logo-White.png 2058w, https:\/\/data4lunghealth.ca\/wp-content\/uploads\/2025\/01\/Logo-White-300x124.png 300w, https:\/\/data4lunghealth.ca\/wp-content\/uploads\/2025\/01\/Logo-White-1024x425.png 1024w, https:\/\/data4lunghealth.ca\/wp-content\/uploads\/2025\/01\/Logo-White-768x319.png 768w, https:\/\/data4lunghealth.ca\/wp-content\/uploads\/2025\/01\/Logo-White-1536x637.png 1536w, https:\/\/data4lunghealth.ca\/wp-content\/uploads\/2025\/01\/Logo-White-2048x850.png 2048w\" sizes=\"(max-width: 2058px) 100vw, 2058px\" title=\"ShAIRE | HomeLogo Blanc\" \/>\t\t\t\t\t\t\t\t\t\t\t\t\t\t\t<\/div>\n\t\t\t\t<\/div>\n\t\t\t\t<\/div>\n\t\t<div class=\"elementor-element elementor-element-72f72de e-con-full e-flex e-con e-child\" data-id=\"72f72de\" data-element_type=\"container\" data-e-type=\"container\">\n\t\t\t\t<div class=\"elementor-element elementor-element-ebb5b04 elementor-align-center elementor-widget elementor-widget-button\" data-id=\"ebb5b04\" data-element_type=\"widget\" data-e-type=\"widget\" data-widget_type=\"button.default\">\n\t\t\t\t<div class=\"elementor-widget-container\">\n\t\t\t\t\t\t\t\t\t<div class=\"elementor-button-wrapper\">\n\t\t\t\t\t<a class=\"elementor-button elementor-button-link elementor-size-sm elementor-animation-grow\" href=\"https:\/\/data4lunghealth.ca\/fr\/registry\/\">\n\t\t\t\t\t\t<span class=\"elementor-button-content-wrapper\">\n\t\t\t\t\t\t\t\t\t<span class=\"elementor-button-text\">Registre de la sant\u00e9 pulmonaire<\/span>\n\t\t\t\t\t<\/span>\n\t\t\t\t\t<\/a>\n\t\t\t\t<\/div>\n\t\t\t\t\t\t\t\t<\/div>\n\t\t\t\t<\/div>\n\t\t\t\t<div class=\"elementor-element elementor-element-622b29f elementor-widget elementor-widget-heading\" data-id=\"622b29f\" data-element_type=\"widget\" data-e-type=\"widget\" data-widget_type=\"heading.default\">\n\t\t\t\t<div class=\"elementor-widget-container\">\n\t\t\t\t\t<h2 class=\"elementor-heading-title elementor-size-default\">Apprendre \u00e0 participer \u00e0 la recherche sur la sant\u00e9 pulmonaire<\/h2>\t\t\t\t<\/div>\n\t\t\t\t<\/div>\n\t\t\t\t<\/div>\n\t\t<div class=\"elementor-element elementor-element-1774033 e-con-full e-flex e-con e-child\" data-id=\"1774033\" data-element_type=\"container\" data-e-type=\"container\">\n\t\t\t\t<div class=\"elementor-element elementor-element-1164eec elementor-align-center elementor-widget elementor-widget-button\" data-id=\"1164eec\" data-element_type=\"widget\" data-e-type=\"widget\" data-widget_type=\"button.default\">\n\t\t\t\t<div class=\"elementor-widget-container\">\n\t\t\t\t\t\t\t\t\t<div class=\"elementor-button-wrapper\">\n\t\t\t\t\t<a class=\"elementor-button elementor-button-link elementor-size-sm elementor-animation-grow\" href=\"https:\/\/data4lunghealth.ca\/fr\/can-lung\/\">\n\t\t\t\t\t\t<span class=\"elementor-button-content-wrapper\">\n\t\t\t\t\t\t\t\t\t<span class=\"elementor-button-text\">En savoir plus sur la sant\u00e9 de vos poumons<\/span>\n\t\t\t\t\t<\/span>\n\t\t\t\t\t<\/a>\n\t\t\t\t<\/div>\n\t\t\t\t\t\t\t\t<\/div>\n\t\t\t\t<\/div>\n\t\t\t\t<div class=\"elementor-element elementor-element-dc6dedb elementor-widget elementor-widget-heading\" data-id=\"dc6dedb\" data-element_type=\"widget\" data-e-type=\"widget\" data-widget_type=\"heading.default\">\n\t\t\t\t<div class=\"elementor-widget-container\">\n\t\t\t\t\t<h2 class=\"elementor-heading-title elementor-size-default\">CAN-LUNG et autres liens sur la sant\u00e9<\/h2>\t\t\t\t<\/div>\n\t\t\t\t<\/div>\n\t\t\t\t<\/div>\n\t\t\t\t\t<\/div>\n\t\t\t\t<\/div>\n\t\t<div class=\"elementor-element elementor-element-bb83d34 e-flex e-con-boxed e-con e-parent\" data-id=\"bb83d34\" data-element_type=\"container\" data-e-type=\"container\" data-settings=\"{&quot;background_background&quot;:&quot;classic&quot;}\">\n\t\t\t\t\t<div class=\"e-con-inner\">\n\t\t<div class=\"elementor-element elementor-element-6fb226d e-con-full e-flex e-con e-child\" data-id=\"6fb226d\" data-element_type=\"container\" data-e-type=\"container\">\n\t\t\t\t<div class=\"elementor-element elementor-element-36bfb9c elementor-widget elementor-widget-text-editor\" data-id=\"36bfb9c\" data-element_type=\"widget\" data-e-type=\"widget\" data-widget_type=\"text-editor.default\">\n\t\t\t\t<div class=\"elementor-widget-container\">\n\t\t\t\t\t\t\t\t\t<p class=\"p1\">Actifs de donn\u00e9es scientifiques et de sant\u00e9 dans la recherche respiratoire<\/p>\t\t\t\t\t\t\t\t<\/div>\n\t\t\t\t<\/div>\n\t\t\t\t<div class=\"elementor-element elementor-element-a85adfe elementor-widget elementor-widget-text-editor\" data-id=\"a85adfe\" data-element_type=\"widget\" data-e-type=\"widget\" data-widget_type=\"text-editor.default\">\n\t\t\t\t<div class=\"elementor-widget-container\">\n\t\t\t\t\t\t\t\t\t<p>Nous sommes une communaut\u00e9 con\u00e7ue pour partager des connaissances et des ressources sur la sant\u00e9 pulmonaire au Canada.<\/p>\t\t\t\t\t\t\t\t<\/div>\n\t\t\t\t<\/div>\n\t\t\t\t<\/div>\n\t\t<div class=\"elementor-element elementor-element-2b19276 e-con-full e-flex e-con e-child\" data-id=\"2b19276\" data-element_type=\"container\" data-e-type=\"container\">\n\t\t\t\t<div data-raven-element-link=\"{&quot;url&quot;:&quot;https:\\\/\\\/respiratoryresearchnetwork.ca\\\/&quot;,&quot;is_external&quot;:&quot;&quot;,&quot;nofollow&quot;:&quot;&quot;,&quot;custom_attributes&quot;:&quot;&quot;}\" style=\"cursor: pointer\" class=\"elementor-element elementor-element-1d0cf73 elementor-widget elementor-widget-image\" data-id=\"1d0cf73\" data-element_type=\"widget\" data-e-type=\"widget\" data-widget_type=\"image.default\">\n\t\t\t\t<div class=\"elementor-widget-container\">\n\t\t\t\t\t\t\t\t\t\t\t\t\t\t\t<img decoding=\"async\" width=\"720\" height=\"504\" src=\"https:\/\/data4lunghealth.ca\/wp-content\/uploads\/2025\/02\/CRRN-Logo.svg\" class=\"attachment-medium_large size-medium_large wp-image-10920\" alt=\"ShAIRE|HomeCRRN Logo\" title=\"ShAIRE | HomeCRRN Logo\" \/>\t\t\t\t\t\t\t\t\t\t\t\t\t\t\t<\/div>\n\t\t\t\t<\/div>\n\t\t\t\t<\/div>\n\t\t<div class=\"elementor-element elementor-element-b5b3030 e-con-full e-flex e-con e-child\" data-id=\"b5b3030\" data-element_type=\"container\" data-e-type=\"container\">\n\t\t\t\t<div class=\"elementor-element elementor-element-b02e143 elementor-widget elementor-widget-image\" data-id=\"b02e143\" data-element_type=\"widget\" data-e-type=\"widget\" data-widget_type=\"image.default\">\n\t\t\t\t<div class=\"elementor-widget-container\">\n\t\t\t\t\t\t\t\t\t\t\t\t\t\t\t<img decoding=\"async\" width=\"493\" height=\"115\" src=\"https:\/\/data4lunghealth.ca\/wp-content\/uploads\/2025\/02\/CIHR-Logo-A-1.svg\" class=\"attachment-medium_large size-medium_large wp-image-10869\" alt=\"ShAIRE|HomeCIHR Logo A\" title=\"ShAIRE | AccueilLogo du CIDH A\" \/>\t\t\t\t\t\t\t\t\t\t\t\t\t\t\t<\/div>\n\t\t\t\t<\/div>\n\t\t\t\t<\/div>\n\t\t\t\t\t<\/div>\n\t\t\t\t<\/div>\n\t\t<div class=\"elementor-element elementor-element-dc882db e-flex e-con-boxed e-con e-parent\" data-id=\"dc882db\" data-element_type=\"container\" data-e-type=\"container\" data-settings=\"{&quot;background_background&quot;:&quot;classic&quot;}\">\n\t\t\t\t\t<div class=\"e-con-inner\">\n\t\t<div class=\"elementor-element elementor-element-178818b e-con-full e-flex e-con e-child\" data-id=\"178818b\" data-element_type=\"container\" data-e-type=\"container\">\n\t\t\t\t<div class=\"elementor-element elementor-element-940cf90 elementor-widget elementor-widget-heading\" data-id=\"940cf90\" data-element_type=\"widget\" data-e-type=\"widget\" data-widget_type=\"heading.default\">\n\t\t\t\t<div class=\"elementor-widget-container\">\n\t\t\t\t\t<h2 class=\"elementor-heading-title elementor-size-default\">Qu&#039;est-ce que shAIRe ?<\/h2>\t\t\t\t<\/div>\n\t\t\t\t<\/div>\n\t\t\t\t<div class=\"elementor-element elementor-element-8b1a156 elementor-widget elementor-widget-text-editor\" data-id=\"8b1a156\" data-element_type=\"widget\" data-e-type=\"widget\" data-widget_type=\"text-editor.default\">\n\t\t\t\t<div class=\"elementor-widget-container\">\n\t\t\t\t\t\t\t\t\t<p>shAIRe r\u00e9unit chercheurs et propri\u00e9taires de donn\u00e9es sur une plateforme unique o\u00f9 toutes les d\u00e9marches administratives sont prises en charge d\u00e8s l&#039;inscription. Les chercheurs b\u00e9n\u00e9ficient ainsi d&#039;un acc\u00e8s imm\u00e9diat \u00e0 toutes les sources de donn\u00e9es de la plateforme. Les propri\u00e9taires de donn\u00e9es peuvent, quant \u00e0 eux, accorder facilement et en toute s\u00e9curit\u00e9 l&#039;acc\u00e8s \u00e0 tout ou partie de leurs donn\u00e9es \u00e0 tous les chercheurs inscrits.<\/p>\t\t\t\t\t\t\t\t<\/div>\n\t\t\t\t<\/div>\n\t\t\t\t<\/div>\n\t\t\t\t\t<\/div>\n\t\t\t\t<\/div>\n\t\t<div class=\"elementor-element elementor-element-4055bae e-con-full e-flex e-con e-parent\" data-id=\"4055bae\" data-element_type=\"container\" data-e-type=\"container\">\n\t\t<div class=\"elementor-element elementor-element-22ef6a0 e-con-full e-flex e-con e-child\" data-id=\"22ef6a0\" data-element_type=\"container\" data-e-type=\"container\" data-settings=\"{&quot;background_background&quot;:&quot;classic&quot;}\">\n\t\t\t\t<div class=\"elementor-element elementor-element-60f7040 elementor-widget elementor-widget-text-editor\" data-id=\"60f7040\" data-element_type=\"widget\" data-e-type=\"widget\" data-widget_type=\"text-editor.default\">\n\t\t\t\t<div class=\"elementor-widget-container\">\n\t\t\t\t\t\t\t\t\t<p>chercheurs<\/p>\t\t\t\t\t\t\t\t<\/div>\n\t\t\t\t<\/div>\n\t\t\t\t<div class=\"elementor-element elementor-element-028a16d elementor-widget elementor-widget-text-editor\" data-id=\"028a16d\" data-element_type=\"widget\" data-e-type=\"widget\" data-widget_type=\"text-editor.default\">\n\t\t\t\t<div class=\"elementor-widget-container\">\n\t\t\t\t\t\t\t\t\t<p>Plus besoin d&#039;attendre pour obtenir les donn\u00e9es et d\u00e9marrer votre analyse.<\/p>\t\t\t\t\t\t\t\t<\/div>\n\t\t\t\t<\/div>\n\t\t\t\t<div class=\"elementor-element elementor-element-f2a1596 elementor-align-center elementor-widget elementor-widget-button\" data-id=\"f2a1596\" data-element_type=\"widget\" data-e-type=\"widget\" data-widget_type=\"button.default\">\n\t\t\t\t<div class=\"elementor-widget-container\">\n\t\t\t\t\t\t\t\t\t<div class=\"elementor-button-wrapper\">\n\t\t\t\t\t<a class=\"elementor-button elementor-button-link elementor-size-sm\" href=\"https:\/\/data4lunghealth.ca\/fr\/for-researchers\/\" target=\"_blank\">\n\t\t\t\t\t\t<span class=\"elementor-button-content-wrapper\">\n\t\t\t\t\t\t\t\t\t<span class=\"elementor-button-text\">Apprendre encore plus<\/span>\n\t\t\t\t\t<\/span>\n\t\t\t\t\t<\/a>\n\t\t\t\t<\/div>\n\t\t\t\t\t\t\t\t<\/div>\n\t\t\t\t<\/div>\n\t\t\t\t<\/div>\n\t\t<div class=\"elementor-element elementor-element-9559500 e-con-full e-flex e-con e-child\" data-id=\"9559500\" data-element_type=\"container\" data-e-type=\"container\" data-settings=\"{&quot;background_background&quot;:&quot;classic&quot;}\">\n\t\t\t\t<div class=\"elementor-element elementor-element-fcdfef3 elementor-widget elementor-widget-text-editor\" data-id=\"fcdfef3\" data-element_type=\"widget\" data-e-type=\"widget\" data-widget_type=\"text-editor.default\">\n\t\t\t\t<div class=\"elementor-widget-container\">\n\t\t\t\t\t\t\t\t\t<p>Propri\u00e9taires des donn\u00e9es<\/p>\t\t\t\t\t\t\t\t<\/div>\n\t\t\t\t<\/div>\n\t\t\t\t<div class=\"elementor-element elementor-element-bc44863 elementor-widget elementor-widget-text-editor\" data-id=\"bc44863\" data-element_type=\"widget\" data-e-type=\"widget\" data-widget_type=\"text-editor.default\">\n\t\t\t\t<div class=\"elementor-widget-container\">\n\t\t\t\t\t\t\t\t\t<p>Partagez vos donn\u00e9es sans en perdre le contr\u00f4le.<\/p>\t\t\t\t\t\t\t\t<\/div>\n\t\t\t\t<\/div>\n\t\t\t\t<div class=\"elementor-element elementor-element-7469770 elementor-align-center elementor-widget elementor-widget-button\" data-id=\"7469770\" data-element_type=\"widget\" data-e-type=\"widget\" data-widget_type=\"button.default\">\n\t\t\t\t<div class=\"elementor-widget-container\">\n\t\t\t\t\t\t\t\t\t<div class=\"elementor-button-wrapper\">\n\t\t\t\t\t<a class=\"elementor-button elementor-button-link elementor-size-sm\" href=\"https:\/\/data4lunghealth.ca\/fr\/for-data-owners\/\" target=\"_blank\">\n\t\t\t\t\t\t<span class=\"elementor-button-content-wrapper\">\n\t\t\t\t\t\t\t\t\t<span class=\"elementor-button-text\">Cliquez ici<\/span>\n\t\t\t\t\t<\/span>\n\t\t\t\t\t<\/a>\n\t\t\t\t<\/div>\n\t\t\t\t\t\t\t\t<\/div>\n\t\t\t\t<\/div>\n\t\t\t\t<\/div>\n\t\t\t\t<\/div>\n\t\t\t\t<\/div>","protected":false},"excerpt":{"rendered":"<p>shAIRe is a community designed to share knowledge and resources about lung health in Canada. Lung Health Registry Learn how to participate in lung health research Learn more about your lung health CAN-LUNG and other lung health links Lung Health Registry Learn how to participate in lung health research Learn more about your lung health [&hellip;]<\/p>\n","protected":false},"author":1,"featured_media":0,"parent":0,"menu_order":2,"comment_status":"closed","ping_status":"closed","template":"full-width.php","meta":{"_acf_changed":false,"iawp_total_views":3400,"footnotes":""},"class_list":["post-25","page","type-page","status-publish","hentry"],"acf":[],"aioseo_notices":[],"_links":{"self":[{"href":"https:\/\/data4lunghealth.ca\/fr\/wp-json\/wp\/v2\/pages\/25","targetHints":{"allow":["GET"]}}],"collection":[{"href":"https:\/\/data4lunghealth.ca\/fr\/wp-json\/wp\/v2\/pages"}],"about":[{"href":"https:\/\/data4lunghealth.ca\/fr\/wp-json\/wp\/v2\/types\/page"}],"author":[{"embeddable":true,"href":"https:\/\/data4lunghealth.ca\/fr\/wp-json\/wp\/v2\/users\/1"}],"replies":[{"embeddable":true,"href":"https:\/\/data4lunghealth.ca\/fr\/wp-json\/wp\/v2\/comments?post=25"}],"version-history":[{"count":5,"href":"https:\/\/data4lunghealth.ca\/fr\/wp-json\/wp\/v2\/pages\/25\/revisions"}],"predecessor-version":[{"id":12528,"href":"https:\/\/data4lunghealth.ca\/fr\/wp-json\/wp\/v2\/pages\/25\/revisions\/12528"}],"wp:attachment":[{"href":"https:\/\/data4lunghealth.ca\/fr\/wp-json\/wp\/v2\/media?parent=25"}],"curies":[{"name":"wp","href":"https:\/\/api.w.org\/{rel}","templated":true}]}}