{"id":11370,"date":"2025-08-08T09:06:18","date_gmt":"2025-08-08T13:06:18","guid":{"rendered":"https:\/\/data4lunghealth.ca\/?page_id=11370"},"modified":"2025-11-17T14:05:59","modified_gmt":"2025-11-17T19:05:59","slug":"shaire-rising-stars-leadership-team-and-trainee-committee","status":"publish","type":"page","link":"https:\/\/data4lunghealth.ca\/fr\/shaire-rising-stars-leadership-team-and-trainee-committee\/","title":{"rendered":"\u00c9quipe de direction et comit\u00e9 des stagiaires shAIRe Rising Stars"},"content":{"rendered":"<div data-elementor-type=\"wp-page\" data-elementor-id=\"11370\" class=\"elementor elementor-11370\" data-elementor-post-type=\"page\">\n\t\t\t\t<div class=\"elementor-element elementor-element-4e3e19e e-flex e-con-boxed e-con e-parent\" data-id=\"4e3e19e\" data-element_type=\"container\" data-e-type=\"container\" data-settings=\"{&quot;background_background&quot;:&quot;classic&quot;}\">\n\t\t\t\t\t<div class=\"e-con-inner\">\n\t\t\t\t<div class=\"elementor-element elementor-element-2001f16 elementor-hidden-desktop elementor-hidden-tablet elementor-hidden-mobile elementor-widget elementor-widget-text-editor\" data-id=\"2001f16\" data-element_type=\"widget\" data-e-type=\"widget\" data-widget_type=\"text-editor.default\">\n\t\t\t\t<div class=\"elementor-widget-container\">\n\t\t\t\t\t\t\t\t\t<h3><span style=\"color: #ffffff;\">Un r\u00f4le central entre les donn\u00e9es et les chercheurs<\/span><\/h3>\t\t\t\t\t\t\t\t<\/div>\n\t\t\t\t<\/div>\n\t\t\t\t<div class=\"elementor-element elementor-element-133c03d elementor-align-left elementor-widget elementor-widget-raven-breadcrumbs\" data-id=\"133c03d\" data-element_type=\"widget\" data-e-type=\"widget\" data-widget_type=\"raven-breadcrumbs.default\">\n\t\t\t\t<div class=\"elementor-widget-container\">\n\t\t\t\t\t<div class=\"raven-breadcrumbs raven-breadcrumbs-default\"><div class=\"breadcrumb\">\t\t\t\t<div class=\"breadcrumb-item active\" aria-current=\"page\"><span>Maison<\/span><\/div>\n\n\t\t\t\t<\/div><\/div>\t\t\t\t<\/div>\n\t\t\t\t<\/div>\n\t\t\t\t\t<\/div>\n\t\t\t\t<\/div>\n\t\t<div class=\"elementor-element elementor-element-7932ed6 e-flex e-con-boxed e-con e-parent\" data-id=\"7932ed6\" data-element_type=\"container\" data-e-type=\"container\">\n\t\t\t\t\t<div class=\"e-con-inner\">\n\t\t\t\t<div class=\"elementor-element elementor-element-a1bf6a0 elementor-widget elementor-widget-text-editor\" data-id=\"a1bf6a0\" data-element_type=\"widget\" data-e-type=\"widget\" data-widget_type=\"text-editor.default\">\n\t\t\t\t<div class=\"elementor-widget-container\">\n\t\t\t\t\t\t\t\t\t<h2>Notre \u00e9nonc\u00e9 de vision<\/h2><p>Fournir aux chercheurs nouveaux et \u00e9mergents des outils, des formations et des strat\u00e9gies pour favoriser l\u2019expertise en mati\u00e8re de g\u00e9n\u00e9ration, de gestion, d\u2019analyse et de diffusion de donn\u00e9es pour une recherche harmonis\u00e9e en sant\u00e9 pulmonaire.<\/p><h2>Groupe du r\u00e9seau des \u00e9toiles montantes shAIRe<\/h2><p>Le r\u00e9seau shAIRe Rising Stars est ouvert \u00e0 tous les stagiaires travaillant sur des donn\u00e9es de sant\u00e9 pulmonaire dans un \u00e9tablissement canadien. Pour rejoindre le r\u00e9seau Rising Stars, veuillez envoyer un courriel \u00e0 shAIRe@dal.ca.\u00a0<\/p>\t\t\t\t\t\t\t\t<\/div>\n\t\t\t\t<\/div>\n\t\t\t\t\t<\/div>\n\t\t\t\t<\/div>\n\t\t<div class=\"elementor-element elementor-element-7dc7ae8 e-flex e-con-boxed e-con e-parent\" data-id=\"7dc7ae8\" data-element_type=\"container\" data-e-type=\"container\">\n\t\t\t\t\t<div class=\"e-con-inner\">\n\t\t\t\t<div class=\"elementor-element elementor-element-3c8b907 elementor-widget elementor-widget-text-editor\" data-id=\"3c8b907\" data-element_type=\"widget\" data-e-type=\"widget\" data-widget_type=\"text-editor.default\">\n\t\t\t\t<div class=\"elementor-widget-container\">\n\t\t\t\t\t\t\t\t\t<h2>Rencontrez le comit\u00e9 de stagiaires shAIRe Rising Stars\u00a0:<\/h2>\t\t\t\t\t\t\t\t<\/div>\n\t\t\t\t<\/div>\n\t\t\t\t\t<\/div>\n\t\t\t\t<\/div>\n\t\t<div class=\"elementor-element elementor-element-5b42879 e-grid e-con-boxed e-con e-parent\" data-id=\"5b42879\" data-element_type=\"container\" data-e-type=\"container\">\n\t\t\t\t\t<div class=\"e-con-inner\">\n\t\t\t\t<div class=\"elementor-element elementor-element-c900cb0 elementor-widget elementor-widget-image\" data-id=\"c900cb0\" data-element_type=\"widget\" data-e-type=\"widget\" data-widget_type=\"image.default\">\n\t\t\t\t<div class=\"elementor-widget-container\">\n\t\t\t\t\t\t\t\t\t\t\t\t\t\t\t<img decoding=\"async\" src=\"https:\/\/data4lunghealth.ca\/wp-content\/uploads\/elementor\/thumbs\/Headshot-Cropped-scaled-r9yfvgiqvaui2t423t21u7opvd5n68dy20k8arop6w.jpg\" title=\"Photo d&#039;identit\u00e9 \u2013 Recadr\u00e9e\" alt=\"Headshot - Cropped\" loading=\"lazy\" \/>\t\t\t\t\t\t\t\t\t\t\t\t\t\t\t<\/div>\n\t\t\t\t<\/div>\n\t\t\t\t<div class=\"elementor-element elementor-element-4a5e09b elementor-widget elementor-widget-image\" data-id=\"4a5e09b\" data-element_type=\"widget\" data-e-type=\"widget\" data-widget_type=\"image.default\">\n\t\t\t\t<div class=\"elementor-widget-container\">\n\t\t\t\t\t\t\t\t\t\t\t\t\t\t\t<img decoding=\"async\" src=\"https:\/\/data4lunghealth.ca\/wp-content\/uploads\/elementor\/thumbs\/Omri-Headshot-rbnr1c5vwwoyou3yweuk7slplhdv3znq602r6kp37s.png\" title=\"Photo de t\u00eate d&#039;Omri\" alt=\"Omri Headshot\" loading=\"lazy\" \/>\t\t\t\t\t\t\t\t\t\t\t\t\t\t\t<\/div>\n\t\t\t\t<\/div>\n\t\t\t\t<div class=\"elementor-element elementor-element-f532308 elementor-widget elementor-widget-image\" data-id=\"f532308\" data-element_type=\"widget\" data-e-type=\"widget\" data-widget_type=\"image.default\">\n\t\t\t\t<div class=\"elementor-widget-container\">\n\t\t\t\t\t\t\t\t\t\t\t\t\t\t\t<img decoding=\"async\" src=\"https:\/\/data4lunghealth.ca\/wp-content\/uploads\/elementor\/thumbs\/Sophie-Collins-Headshot-re60vyy3epii6svenxhrh9yfvzw6ar9bhk0vm9oyhm.jpg\" title=\"Photo de Sophie Collins\" alt=\"Sophie Collins Headshot\" loading=\"lazy\" \/>\t\t\t\t\t\t\t\t\t\t\t\t\t\t\t<\/div>\n\t\t\t\t<\/div>\n\t\t<div class=\"elementor-element elementor-element-81e7c6b e-con-full e-flex e-con e-child\" data-id=\"81e7c6b\" data-element_type=\"container\" data-e-type=\"container\">\n\t\t\t\t<div class=\"elementor-element elementor-element-c6ed69a elementor-widget elementor-widget-text-editor\" data-id=\"c6ed69a\" data-element_type=\"widget\" data-e-type=\"widget\" data-widget_type=\"text-editor.default\">\n\t\t\t\t<div class=\"elementor-widget-container\">\n\t\t\t\t\t\t\t\t\t<h3>Chaise<\/h3><h3><strong>Dre Rachelle Aucoin, Ph. D.<\/strong><\/h3><p>Associ\u00e9 de recherche, \u00c9quipe d&#039;\u00e9pid\u00e9miologie respiratoire, D\u00e9partement de m\u00e9decine, Universit\u00e9 Dalhousie\u00a0<\/p>\t\t\t\t\t\t\t\t<\/div>\n\t\t\t\t<\/div>\n\t\t\t\t<\/div>\n\t\t<div class=\"elementor-element elementor-element-dc534f3 e-con-full e-flex e-con e-child\" data-id=\"dc534f3\" data-element_type=\"container\" data-e-type=\"container\">\n\t\t\t\t<div class=\"elementor-element elementor-element-3eccde4 elementor-widget elementor-widget-text-editor\" data-id=\"3eccde4\" data-element_type=\"widget\" data-e-type=\"widget\" data-widget_type=\"text-editor.default\">\n\t\t\t\t<div class=\"elementor-widget-container\">\n\t\t\t\t\t\t\t\t\t<h3>Copr\u00e9sident<\/h3><h3><strong>Omri Arbiv, MD, candidat au doctorat\u00a0<\/strong><\/h3><p><span class=\"TextRun SCXW257619534 BCX8\" lang=\"EN-US\" xml:lang=\"EN-US\" data-contrast=\"auto\"><span class=\"NormalTextRun SCXW257619534 BCX8\">\u00c9pid\u00e9miologie clinique et recherche en soins de sant\u00e9, Universit\u00e9 de Toronto<\/span><\/span><\/p><p>Associ\u00e9 clinicien, Division de pneumologie, Universit\u00e9 de Toronto<\/p>\t\t\t\t\t\t\t\t<\/div>\n\t\t\t\t<\/div>\n\t\t\t\t<\/div>\n\t\t<div class=\"elementor-element elementor-element-cd53c25 e-con-full e-flex e-con e-child\" data-id=\"cd53c25\" data-element_type=\"container\" data-e-type=\"container\">\n\t\t\t\t<div class=\"elementor-element elementor-element-bb6cf09 elementor-widget elementor-widget-text-editor\" data-id=\"bb6cf09\" data-element_type=\"widget\" data-e-type=\"widget\" data-widget_type=\"text-editor.default\">\n\t\t\t\t<div class=\"elementor-widget-container\">\n\t\t\t\t\t\t\t\t\t<h3>Membre du comit\u00e9<\/h3><h3><strong>Dr Sophie Collins, PhD\u00a0<\/strong><\/h3><p>Boursier postdoctoral, Institut de recherche du Centre universitaire de sant\u00e9 McGill et D\u00e9partement de m\u00e9decine, Universit\u00e9 McGill\u00a0<\/p>\t\t\t\t\t\t\t\t<\/div>\n\t\t\t\t<\/div>\n\t\t\t\t<\/div>\n\t\t<div class=\"elementor-element elementor-element-3135646 e-con-full e-flex e-con e-child\" data-id=\"3135646\" data-element_type=\"container\" data-e-type=\"container\">\n\t\t\t\t<div class=\"elementor-element elementor-element-7bad9ff elementor-widget elementor-widget-image\" data-id=\"7bad9ff\" data-element_type=\"widget\" data-e-type=\"widget\" data-widget_type=\"image.default\">\n\t\t\t\t<div class=\"elementor-widget-container\">\n\t\t\t\t\t\t\t\t\t\t\t\t\t\t\t<img fetchpriority=\"high\" decoding=\"async\" width=\"309\" height=\"309\" src=\"https:\/\/data4lunghealth.ca\/wp-content\/uploads\/2025\/11\/Amin-Abidi-headshot.jpg\" class=\"attachment-Image Size 500x500 size-Image Size 500x500 wp-image-12007\" alt=\"ShAIRE|shAIRe Rising Stars Leadership Team and Trainee CommitteeAmin Abidi headshot\" srcset=\"https:\/\/data4lunghealth.ca\/wp-content\/uploads\/2025\/11\/Amin-Abidi-headshot.jpg 309w, https:\/\/data4lunghealth.ca\/wp-content\/uploads\/2025\/11\/Amin-Abidi-headshot-300x300.jpg 300w, https:\/\/data4lunghealth.ca\/wp-content\/uploads\/2025\/11\/Amin-Abidi-headshot-150x150.jpg 150w, https:\/\/data4lunghealth.ca\/wp-content\/uploads\/2025\/11\/Amin-Abidi-headshot-12x12.jpg 12w\" sizes=\"(max-width: 309px) 100vw, 309px\" title=\"ShAIRE | \u00c9quipe de direction et comit\u00e9 de stagiaires des \u00e9toiles montantes de shAIRe | Photo d&#039;Amin Abidi\" \/>\t\t\t\t\t\t\t\t\t\t\t\t\t\t\t<\/div>\n\t\t\t\t<\/div>\n\t\t\t\t<\/div>\n\t\t\t\t<div class=\"elementor-element elementor-element-25a6877 elementor-widget elementor-widget-image\" data-id=\"25a6877\" data-element_type=\"widget\" data-e-type=\"widget\" data-widget_type=\"image.default\">\n\t\t\t\t<div class=\"elementor-widget-container\">\n\t\t\t\t\t\t\t\t\t\t\t\t\t\t\t<img decoding=\"async\" src=\"https:\/\/data4lunghealth.ca\/wp-content\/uploads\/elementor\/thumbs\/Firoozeh-Gerayeldi-Headshot-re60vy097vhn7mwzkh3hb42hkzuyjh4z3jhrnpmky0.jpg\" title=\"Photo de t\u00eate de Firoozeh Gerayeldi\" alt=\"Firoozeh Gerayeldi Headshot\" loading=\"lazy\" \/>\t\t\t\t\t\t\t\t\t\t\t\t\t\t\t<\/div>\n\t\t\t\t<\/div>\n\t\t\t\t<div class=\"elementor-element elementor-element-12cb699 elementor-widget elementor-widget-image\" data-id=\"12cb699\" data-element_type=\"widget\" data-e-type=\"widget\" data-widget_type=\"image.default\">\n\t\t\t\t<div class=\"elementor-widget-container\">\n\t\t\t\t\t\t\t\t\t\t\t\t\t\t\t<img decoding=\"async\" src=\"https:\/\/data4lunghealth.ca\/wp-content\/uploads\/elementor\/thumbs\/Eva-Kuhar-headshot-scaled-re60vmq6xv27cbddec7yh6wygdejz3w71znxwe3b0o.jpeg\" title=\"Photo d&#039;Eva Kuhar\" alt=\"Eva Kuhar headshot\" loading=\"lazy\" \/>\t\t\t\t\t\t\t\t\t\t\t\t\t\t\t<\/div>\n\t\t\t\t<\/div>\n\t\t<div class=\"elementor-element elementor-element-55b9825 e-con-full e-flex e-con e-child\" data-id=\"55b9825\" data-element_type=\"container\" data-e-type=\"container\">\n\t\t\t\t<div class=\"elementor-element elementor-element-e562d43 elementor-widget elementor-widget-text-editor\" data-id=\"e562d43\" data-element_type=\"widget\" data-e-type=\"widget\" data-widget_type=\"text-editor.default\">\n\t\t\t\t<div class=\"elementor-widget-container\">\n\t\t\t\t\t\t\t\t\t<h3>Membre du comit\u00e9<\/h3><h3><strong>Amin Adibi, MSc, PhD (c)<\/strong><\/h3><p>Facult\u00e9 des sciences pharmaceutiques, Universit\u00e9 de la Colombie-Britannique\u00a0<\/p><p>Chercheur scientifique, Facult\u00e9 des sciences pharmaceutiques, Universit\u00e9 de la Colombie-Britannique et Legacy for Airway Health\u00a0<\/p><p>Membre du comit\u00e9 consultatif, Initiative mondiale sur la fonction pulmonaire\u00a0<\/p><p>Collaborateur principal, R\u00e9seau mondial sur la charge de morbidit\u00e9\u00a0<\/p>\t\t\t\t\t\t\t\t<\/div>\n\t\t\t\t<\/div>\n\t\t\t\t<\/div>\n\t\t<div class=\"elementor-element elementor-element-bd39abf e-con-full e-flex e-con e-child\" data-id=\"bd39abf\" data-element_type=\"container\" data-e-type=\"container\">\n\t\t\t\t<div class=\"elementor-element elementor-element-1256e55 elementor-widget elementor-widget-text-editor\" data-id=\"1256e55\" data-element_type=\"widget\" data-e-type=\"widget\" data-widget_type=\"text-editor.default\">\n\t\t\t\t<div class=\"elementor-widget-container\">\n\t\t\t\t\t\t\t\t\t<h3>Membre du comit\u00e9<\/h3><h3><strong>Dr Firoozeh Gerayeli, PhD<\/strong><\/h3><p>Chercheur postdoctoral, Division Channing de m\u00e9decine en r\u00e9seau, H\u00f4pital Brigham and Women&#039;s, Facult\u00e9 de m\u00e9decine de Harvard<\/p><p>Centre d&#039;innovation cardiopulmonaire (HLI), Universit\u00e9 de la Colombie-Britannique\u00a0<\/p>\t\t\t\t\t\t\t\t<\/div>\n\t\t\t\t<\/div>\n\t\t\t\t<\/div>\n\t\t\t\t<div class=\"elementor-element elementor-element-d695530 elementor-widget elementor-widget-text-editor\" data-id=\"d695530\" data-element_type=\"widget\" data-e-type=\"widget\" data-widget_type=\"text-editor.default\">\n\t\t\t\t<div class=\"elementor-widget-container\">\n\t\t\t\t\t\t\t\t\t<h3>Membre du comit\u00e9<\/h3><h3><strong>Eva Kuhar, doctorante\u00a0<\/strong><\/h3><p>M\u00e9decine cellulaire et mol\u00e9culaire, Universit\u00e9 d&#039;Ottawa\u00a0<\/p>\t\t\t\t\t\t\t\t<\/div>\n\t\t\t\t<\/div>\n\t\t\t\t\t<\/div>\n\t\t\t\t<\/div>\n\t\t<div class=\"elementor-element elementor-element-c71ccbf e-flex e-con-boxed e-con e-parent\" data-id=\"c71ccbf\" data-element_type=\"container\" data-e-type=\"container\">\n\t\t\t\t\t<div class=\"e-con-inner\">\n\t\t\t\t<div class=\"elementor-element elementor-element-ce2cbbd elementor-widget elementor-widget-text-editor\" data-id=\"ce2cbbd\" data-element_type=\"widget\" data-e-type=\"widget\" data-widget_type=\"text-editor.default\">\n\t\t\t\t<div class=\"elementor-widget-container\">\n\t\t\t\t\t\t\t\t\t<h2>Rencontrez l&#039;\u00e9quipe de direction shAIRe Rising Stars :<\/h2>\t\t\t\t\t\t\t\t<\/div>\n\t\t\t\t<\/div>\n\t\t\t\t\t<\/div>\n\t\t\t\t<\/div>\n\t\t<div class=\"elementor-element elementor-element-f9afc99 e-grid e-con-boxed e-con e-parent\" data-id=\"f9afc99\" data-element_type=\"container\" data-e-type=\"container\">\n\t\t\t\t\t<div class=\"e-con-inner\">\n\t\t\t\t<div class=\"elementor-element elementor-element-a83304a elementor-widget elementor-widget-image\" data-id=\"a83304a\" data-element_type=\"widget\" data-e-type=\"widget\" data-widget_type=\"image.default\">\n\t\t\t\t<div class=\"elementor-widget-container\">\n\t\t\t\t\t\t\t\t\t\t\t\t\t\t\t<img decoding=\"async\" width=\"225\" height=\"300\" src=\"https:\/\/data4lunghealth.ca\/wp-content\/uploads\/2025\/04\/EB-1-225x300.jpg\" class=\"attachment-medium size-medium wp-image-11142\" alt=\"ShAIRE|shAIRe Rising Stars Leadership Team and Trainee CommitteeEB (1)\" srcset=\"https:\/\/data4lunghealth.ca\/wp-content\/uploads\/2025\/04\/EB-1-225x300.jpg 225w, https:\/\/data4lunghealth.ca\/wp-content\/uploads\/2025\/04\/EB-1.jpg 480w\" sizes=\"(max-width: 225px) 100vw, 225px\" title=\"ShAIRE | \u00c9quipe de direction et comit\u00e9 de stagiaires shAIRe Rising StarsEB (1)\" \/>\t\t\t\t\t\t\t\t\t\t\t\t\t\t\t<\/div>\n\t\t\t\t<\/div>\n\t\t\t\t<div class=\"elementor-element elementor-element-b9264bd elementor-widget elementor-widget-image\" data-id=\"b9264bd\" data-element_type=\"widget\" data-e-type=\"widget\" data-widget_type=\"image.default\">\n\t\t\t\t<div class=\"elementor-widget-container\">\n\t\t\t\t\t\t\t\t\t\t\t\t\t\t\t<img decoding=\"async\" width=\"214\" height=\"300\" src=\"https:\/\/data4lunghealth.ca\/wp-content\/uploads\/2025\/04\/Stickland-Michael-WEB-12832-01-646-214x300.jpg\" class=\"attachment-medium size-medium wp-image-11162\" alt=\"ShAIRE|shAIRe Rising Stars Leadership Team and Trainee CommitteeMichael (Mike) Strickland, Pulmonary\" srcset=\"https:\/\/data4lunghealth.ca\/wp-content\/uploads\/2025\/04\/Stickland-Michael-WEB-12832-01-646-214x300.jpg 214w, https:\/\/data4lunghealth.ca\/wp-content\/uploads\/2025\/04\/Stickland-Michael-WEB-12832-01-646.jpg 700w\" sizes=\"(max-width: 214px) 100vw, 214px\" title=\"ShAIRE | \u00c9quipe de direction et comit\u00e9 de stagiaires des \u00e9toiles montantes de shAIRe\u00a0: Michael (Mike) Strickland, pneumologue\" \/>\t\t\t\t\t\t\t\t\t\t\t\t\t\t\t<\/div>\n\t\t\t\t<\/div>\n\t\t\t\t<div class=\"elementor-element elementor-element-5a77949 elementor-widget elementor-widget-image\" data-id=\"5a77949\" data-element_type=\"widget\" data-e-type=\"widget\" data-widget_type=\"image.default\">\n\t\t\t\t<div class=\"elementor-widget-container\">\n\t\t\t\t\t\t\t\t\t\t\t\t\t\t\t<img loading=\"lazy\" decoding=\"async\" width=\"200\" height=\"280\" src=\"https:\/\/data4lunghealth.ca\/wp-content\/uploads\/2025\/04\/Dr-Benjamin-Smith.jpg\" class=\"attachment-medium size-medium wp-image-11178\" alt=\"ShAIRE|shAIRe Rising Stars Leadership Team and Trainee CommitteeDr Benjamin Smith\" title=\"ShAIRE | \u00c9quipe de direction et comit\u00e9 de stagiaires des \u00e9toiles montantes de shAIRe | Dr Benjamin Smith\" \/>\t\t\t\t\t\t\t\t\t\t\t\t\t\t\t<\/div>\n\t\t\t\t<\/div>\n\t\t<div class=\"elementor-element elementor-element-4c56df5 e-con-full e-flex e-con e-child\" data-id=\"4c56df5\" data-element_type=\"container\" data-e-type=\"container\">\n\t\t\t\t<div class=\"elementor-element elementor-element-9f6f0b1 elementor-widget elementor-widget-text-editor\" data-id=\"9f6f0b1\" data-element_type=\"widget\" data-e-type=\"widget\" data-widget_type=\"text-editor.default\">\n\t\t\t\t<div class=\"elementor-widget-container\">\n\t\t\t\t\t\t\t\t\t<h3><strong>Dr Emily Brigham, MD, MHS<\/strong><\/h3><p><span data-contrast=\"none\">Professeur agr\u00e9g\u00e9 de pneumologie, chaire Legacy for Airway Health, Universit\u00e9 de la Colombie-Britannique<\/span><span data-ccp-props=\"{&quot;134233117&quot;:false,&quot;134233118&quot;:false,&quot;335559738&quot;:0,&quot;335559739&quot;:0}\">\u00a0<\/span><\/p><p><span data-contrast=\"none\">Chercheur scientifique, Vancouver Coastal Health Research Institute<\/span><span data-ccp-props=\"{&quot;134233117&quot;:false,&quot;134233118&quot;:false,&quot;335559738&quot;:0,&quot;335559739&quot;:0}\">\u00a0<\/span><\/p>\t\t\t\t\t\t\t\t<\/div>\n\t\t\t\t<\/div>\n\t\t\t\t<\/div>\n\t\t<div class=\"elementor-element elementor-element-54391b0 e-con-full e-flex e-con e-child\" data-id=\"54391b0\" data-element_type=\"container\" data-e-type=\"container\">\n\t\t\t\t<div class=\"elementor-element elementor-element-6ff1534 elementor-widget elementor-widget-text-editor\" data-id=\"6ff1534\" data-element_type=\"widget\" data-e-type=\"widget\" data-widget_type=\"text-editor.default\">\n\t\t\t\t<div class=\"elementor-widget-container\">\n\t\t\t\t\t\t\t\t\t<h3><strong>Dr Michael (Mike) Stickland, PhD<\/strong><\/h3><p><span class=\"TextRun SCXW161866789 BCX8\" lang=\"EN-US\" xml:lang=\"EN-US\" data-contrast=\"auto\"><span class=\"NormalTextRun SCXW161866789 BCX8\">Professeur, Division de m\u00e9decine pulmonaire, Facult\u00e9 de m\u00e9decine et de dentisterie, Universit\u00e9 de l&#039;Alberta<\/span><\/span><\/p><p><span class=\"TextRun SCXW161866789 BCX8\" lang=\"EN-US\" xml:lang=\"EN-US\" data-contrast=\"auto\"><span class=\"NormalTextRun SCXW161866789 BCX8\">Directeur, Centre GF MacDonald pour la sant\u00e9 pulmonaire<\/span><\/span><\/p>\t\t\t\t\t\t\t\t<\/div>\n\t\t\t\t<\/div>\n\t\t\t\t<\/div>\n\t\t<div class=\"elementor-element elementor-element-c919d1e e-con-full e-flex e-con e-child\" data-id=\"c919d1e\" data-element_type=\"container\" data-e-type=\"container\">\n\t\t\t\t<div class=\"elementor-element elementor-element-4ec573d elementor-widget elementor-widget-text-editor\" data-id=\"4ec573d\" data-element_type=\"widget\" data-e-type=\"widget\" data-widget_type=\"text-editor.default\">\n\t\t\t\t<div class=\"elementor-widget-container\">\n\t\t\t\t\t\t\t\t\t<h3><strong>Dr Benjamin (Ben) Smith, MD, MSc<\/strong><\/h3><p><span class=\"TextRun SCXW257619534 BCX8\" lang=\"EN-US\" xml:lang=\"EN-US\" data-contrast=\"auto\"><span class=\"NormalTextRun SCXW257619534 BCX8\">M\u00e9decin-chercheur, Institut de recherche du Centre universitaire de sant\u00e9 McGill<\/span><\/span><\/p><p><span class=\"TextRun SCXW257619534 BCX8\" lang=\"EN-US\" xml:lang=\"EN-US\" data-contrast=\"auto\"><span class=\"NormalTextRun SCXW257619534 BCX8\">Professeur agr\u00e9g\u00e9, Facult\u00e9 de m\u00e9decine et des sciences de la sant\u00e9, Universit\u00e9 McGill\u00a0<\/span><\/span><\/p><p><span class=\"TextRun SCXW257619534 BCX8\" lang=\"EN-US\" xml:lang=\"EN-US\" data-contrast=\"auto\"><span class=\"NormalTextRun SCXW257619534 BCX8\">Directeur, Centre de recherche sur les r\u00e9sultats et d&#039;\u00e9valuation, Institut de recherche du Centre universitaire de sant\u00e9 McGill<\/span><\/span><\/p>\t\t\t\t\t\t\t\t<\/div>\n\t\t\t\t<\/div>\n\t\t\t\t<\/div>\n\t\t\t\t\t<\/div>\n\t\t\t\t<\/div>\n\t\t\t\t<\/div>","protected":false},"excerpt":{"rendered":"<p>A pivotal role between data and researchers Home Our Vision Statement Provide new and emerging researchers with tools, training, and strategies to foster expertise in data generation, management, analysis and dissemination for harmonized research in lung health. shAIRe Rising Stars Network\u00a0 Group The shAIRe Rising Stars network is open to any and all trainees working [&hellip;]<\/p>\n","protected":false},"author":7,"featured_media":0,"parent":0,"menu_order":14,"comment_status":"closed","ping_status":"closed","template":"","meta":{"_acf_changed":false,"iawp_total_views":147,"footnotes":""},"class_list":["post-11370","page","type-page","status-publish","hentry"],"acf":[],"aioseo_notices":[],"_links":{"self":[{"href":"https:\/\/data4lunghealth.ca\/fr\/wp-json\/wp\/v2\/pages\/11370","targetHints":{"allow":["GET"]}}],"collection":[{"href":"https:\/\/data4lunghealth.ca\/fr\/wp-json\/wp\/v2\/pages"}],"about":[{"href":"https:\/\/data4lunghealth.ca\/fr\/wp-json\/wp\/v2\/types\/page"}],"author":[{"embeddable":true,"href":"https:\/\/data4lunghealth.ca\/fr\/wp-json\/wp\/v2\/users\/7"}],"replies":[{"embeddable":true,"href":"https:\/\/data4lunghealth.ca\/fr\/wp-json\/wp\/v2\/comments?post=11370"}],"version-history":[{"count":5,"href":"https:\/\/data4lunghealth.ca\/fr\/wp-json\/wp\/v2\/pages\/11370\/revisions"}],"predecessor-version":[{"id":12231,"href":"https:\/\/data4lunghealth.ca\/fr\/wp-json\/wp\/v2\/pages\/11370\/revisions\/12231"}],"wp:attachment":[{"href":"https:\/\/data4lunghealth.ca\/fr\/wp-json\/wp\/v2\/media?parent=11370"}],"curies":[{"name":"wp","href":"https:\/\/api.w.org\/{rel}","templated":true}]}}