{"id":10546,"date":"2025-01-28T23:28:20","date_gmt":"2025-01-29T04:28:20","guid":{"rendered":"https:\/\/data4lunghealth.ca\/?page_id=10546"},"modified":"2025-10-28T18:49:12","modified_gmt":"2025-10-28T22:49:12","slug":"can-lung","status":"publish","type":"page","link":"https:\/\/data4lunghealth.ca\/fr\/can-lung\/","title":{"rendered":"CAN-LUNG"},"content":{"rendered":"<div data-elementor-type=\"wp-page\" data-elementor-id=\"10546\" class=\"elementor elementor-10546\" data-elementor-post-type=\"page\">\n\t\t\t\t<div class=\"elementor-element elementor-element-abd8bc3 e-flex e-con-boxed e-con e-parent\" data-id=\"abd8bc3\" data-element_type=\"container\" data-e-type=\"container\" data-settings=\"{&quot;background_background&quot;:&quot;classic&quot;}\">\n\t\t\t\t\t<div class=\"e-con-inner\">\n\t\t\t\t<div class=\"elementor-element elementor-element-1b65b85 elementor-align-left elementor-widget elementor-widget-raven-breadcrumbs\" data-id=\"1b65b85\" data-element_type=\"widget\" data-e-type=\"widget\" data-widget_type=\"raven-breadcrumbs.default\">\n\t\t\t\t<div class=\"elementor-widget-container\">\n\t\t\t\t\t<div class=\"raven-breadcrumbs raven-breadcrumbs-default\"><div class=\"breadcrumb\">\t\t\t\t<div class=\"breadcrumb-item active\" aria-current=\"page\"><span>Maison<\/span><\/div>\n\n\t\t\t\t<\/div><\/div>\t\t\t\t<\/div>\n\t\t\t\t<\/div>\n\t\t\t\t\t<\/div>\n\t\t\t\t<\/div>\n\t\t<div class=\"elementor-element elementor-element-92bbc52 e-flex e-con-boxed e-con e-parent\" data-id=\"92bbc52\" data-element_type=\"container\" data-e-type=\"container\" data-settings=\"{&quot;background_background&quot;:&quot;classic&quot;}\">\n\t\t\t\t\t<div class=\"e-con-inner\">\n\t\t\t\t<div class=\"elementor-element elementor-element-bfe257b elementor-widget elementor-widget-text-editor\" data-id=\"bfe257b\" data-element_type=\"widget\" data-e-type=\"widget\" data-widget_type=\"text-editor.default\">\n\t\t\t\t<div class=\"elementor-widget-container\">\n\t\t\t\t\t\t\t\t\t<h4>L\u2019Indice canadien de sant\u00e9 pulmonaire (CAN-LUNG) vise \u00e0 sensibiliser \u00e0 la sant\u00e9 pulmonaire et \u00e0 permettre aux individus de comprendre comment ils peuvent am\u00e9liorer leur sant\u00e9 pulmonaire.<\/h4>\t\t\t\t\t\t\t\t<\/div>\n\t\t\t\t<\/div>\n\t\t\t\t<div class=\"elementor-element elementor-element-37fc6c4 elementor-align-center elementor-widget elementor-widget-button\" data-id=\"37fc6c4\" data-element_type=\"widget\" data-e-type=\"widget\" data-widget_type=\"button.default\">\n\t\t\t\t<div class=\"elementor-widget-container\">\n\t\t\t\t\t\t\t\t\t<div class=\"elementor-button-wrapper\">\n\t\t\t\t\t<a class=\"elementor-button elementor-button-link elementor-size-sm elementor-animation-grow\" href=\"https:\/\/data4lunghealth.ca\/fr\/\">\n\t\t\t\t\t\t<span class=\"elementor-button-content-wrapper\">\n\t\t\t\t\t\t\t\t\t<span class=\"elementor-button-text\">Le calculateur de sant\u00e9 pulmonaire est en cours de construction<\/span>\n\t\t\t\t\t<\/span>\n\t\t\t\t\t<\/a>\n\t\t\t\t<\/div>\n\t\t\t\t\t\t\t\t<\/div>\n\t\t\t\t<\/div>\n\t\t\t\t<div class=\"elementor-element elementor-element-c48b170 elementor-widget elementor-widget-text-editor\" data-id=\"c48b170\" data-element_type=\"widget\" data-e-type=\"widget\" data-widget_type=\"text-editor.default\">\n\t\t\t\t<div class=\"elementor-widget-container\">\n\t\t\t\t\t\t\t\t\t<p>Autres ressources<\/p>\t\t\t\t\t\t\t\t<\/div>\n\t\t\t\t<\/div>\n\t\t\t\t\t<\/div>\n\t\t\t\t<\/div>\n\t\t<div class=\"elementor-element elementor-element-c1760e4 e-flex e-con-boxed e-con e-parent\" data-id=\"c1760e4\" data-element_type=\"container\" data-e-type=\"container\" data-settings=\"{&quot;background_background&quot;:&quot;classic&quot;}\">\n\t\t\t\t\t<div class=\"e-con-inner\">\n\t\t\t\t<div class=\"elementor-element elementor-element-51bc89f elementor-align-center elementor-widget elementor-widget-button\" data-id=\"51bc89f\" data-element_type=\"widget\" data-e-type=\"widget\" data-widget_type=\"button.default\">\n\t\t\t\t<div class=\"elementor-widget-container\">\n\t\t\t\t\t\t\t\t\t<div class=\"elementor-button-wrapper\">\n\t\t\t\t\t<a class=\"elementor-button elementor-button-link elementor-size-sm elementor-animation-grow\" href=\"https:\/\/www.lung.ca\/lung-health\" target=\"_blank\" rel=\"noopener noreferrer nofollow\">\n\t\t\t\t\t\t<span class=\"elementor-button-content-wrapper\">\n\t\t\t\t\t\t\t\t\t<span class=\"elementor-button-text\">Association pulmonaire du Canada<\/span>\n\t\t\t\t\t<\/span>\n\t\t\t\t\t<\/a>\n\t\t\t\t<\/div>\n\t\t\t\t\t\t\t\t<\/div>\n\t\t\t\t<\/div>\n\t\t\t\t<div class=\"elementor-element elementor-element-3673f26 elementor-align-center elementor-widget elementor-widget-button\" data-id=\"3673f26\" data-element_type=\"widget\" data-e-type=\"widget\" data-widget_type=\"button.default\">\n\t\t\t\t<div class=\"elementor-widget-container\">\n\t\t\t\t\t\t\t\t\t<div class=\"elementor-button-wrapper\">\n\t\t\t\t\t<a class=\"elementor-button elementor-button-link elementor-size-sm elementor-animation-grow\" href=\"https:\/\/www.who.int\/health-topics\/chronic-respiratory-diseases#tab=tab_1\" target=\"_blank\" rel=\"noopener noreferrer nofollow\">\n\t\t\t\t\t\t<span class=\"elementor-button-content-wrapper\">\n\t\t\t\t\t\t\t\t\t<span class=\"elementor-button-text\">Organisation Mondiale de la Sant\u00e9<\/span>\n\t\t\t\t\t<\/span>\n\t\t\t\t\t<\/a>\n\t\t\t\t<\/div>\n\t\t\t\t\t\t\t\t<\/div>\n\t\t\t\t<\/div>\n\t\t\t\t<div class=\"elementor-element elementor-element-875a63f elementor-align-center elementor-widget elementor-widget-button\" data-id=\"875a63f\" data-element_type=\"widget\" data-e-type=\"widget\" data-widget_type=\"button.default\">\n\t\t\t\t<div class=\"elementor-widget-container\">\n\t\t\t\t\t\t\t\t\t<div class=\"elementor-button-wrapper\">\n\t\t\t\t\t<a class=\"elementor-button elementor-button-link elementor-size-sm elementor-animation-grow\" href=\"https:\/\/clinicaltrials.gov\/\" target=\"_blank\" rel=\"noopener noreferrer nofollow\">\n\t\t\t\t\t\t<span class=\"elementor-button-content-wrapper\">\n\t\t\t\t\t\t\t\t\t<span class=\"elementor-button-text\">ClinicalTrials.gov<\/span>\n\t\t\t\t\t<\/span>\n\t\t\t\t\t<\/a>\n\t\t\t\t<\/div>\n\t\t\t\t\t\t\t\t<\/div>\n\t\t\t\t<\/div>\n\t\t\t\t<div class=\"elementor-element elementor-element-bd9e268 elementor-align-center elementor-widget elementor-widget-button\" data-id=\"bd9e268\" data-element_type=\"widget\" data-e-type=\"widget\" data-widget_type=\"button.default\">\n\t\t\t\t<div class=\"elementor-widget-container\">\n\t\t\t\t\t\t\t\t\t<div class=\"elementor-button-wrapper\">\n\t\t\t\t\t<a class=\"elementor-button elementor-size-sm elementor-animation-grow\" role=\"button\">\n\t\t\t\t\t\t<span class=\"elementor-button-content-wrapper\">\n\t\t\t\t\t\t\t\t\t<span class=\"elementor-button-text\">Actualit\u00e9s et publications notables <\/span>\n\t\t\t\t\t<\/span>\n\t\t\t\t\t<\/a>\n\t\t\t\t<\/div>\n\t\t\t\t\t\t\t\t<\/div>\n\t\t\t\t<\/div>\n\t\t\t\t\t<\/div>\n\t\t\t\t<\/div>\n\t\t<div class=\"elementor-element elementor-element-b06eff3 e-flex e-con-boxed e-con e-parent\" data-id=\"b06eff3\" data-element_type=\"container\" data-e-type=\"container\">\n\t\t\t\t\t<div class=\"e-con-inner\">\n\t\t\t\t<div class=\"elementor-element elementor-element-0ed7df9 elementor-widget elementor-widget-image\" data-id=\"0ed7df9\" data-element_type=\"widget\" data-e-type=\"widget\" data-widget_type=\"image.default\">\n\t\t\t\t<div class=\"elementor-widget-container\">\n\t\t\t\t\t\t\t\t\t\t\t\t\t\t\t<img fetchpriority=\"high\" decoding=\"async\" width=\"977\" height=\"702\" src=\"https:\/\/data4lunghealth.ca\/wp-content\/uploads\/2025\/03\/Inforgraphic.png\" class=\"attachment-large size-large wp-image-11001\" alt=\"ShAIRE|CAN-LUNGInforgraphic\" srcset=\"https:\/\/data4lunghealth.ca\/wp-content\/uploads\/2025\/03\/Inforgraphic.png 977w, https:\/\/data4lunghealth.ca\/wp-content\/uploads\/2025\/03\/Inforgraphic-300x216.png 300w, https:\/\/data4lunghealth.ca\/wp-content\/uploads\/2025\/03\/Inforgraphic-768x552.png 768w\" sizes=\"(max-width: 977px) 100vw, 977px\" title=\"ShAIRE | Infographie CAN-LUNG\" \/>\t\t\t\t\t\t\t\t\t\t\t\t\t\t\t<\/div>\n\t\t\t\t<\/div>\n\t\t\t\t\t<\/div>\n\t\t\t\t<\/div>\n\t\t\t\t<\/div>","protected":false},"excerpt":{"rendered":"<p>Accueil L\u2019Indice canadien de la sant\u00e9 pulmonaire (CAN-LUNG) vise \u00e0 sensibiliser la population \u00e0 la sant\u00e9 pulmonaire et \u00e0 lui donner les moyens de l\u2019am\u00e9liorer. Le calculateur de sant\u00e9 pulmonaire est en cours de d\u00e9veloppement. Autres ressources Association pulmonaire du Canada Organisation mondiale de la Sant\u00e9 ClinicalTrials.gov Nouvelles et publications importantes<\/p>","protected":false},"author":1,"featured_media":0,"parent":0,"menu_order":7,"comment_status":"closed","ping_status":"closed","template":"full-width.php","meta":{"_acf_changed":false,"iawp_total_views":1098,"footnotes":""},"class_list":["post-10546","page","type-page","status-publish","hentry"],"acf":[],"aioseo_notices":[],"_links":{"self":[{"href":"https:\/\/data4lunghealth.ca\/fr\/wp-json\/wp\/v2\/pages\/10546","targetHints":{"allow":["GET"]}}],"collection":[{"href":"https:\/\/data4lunghealth.ca\/fr\/wp-json\/wp\/v2\/pages"}],"about":[{"href":"https:\/\/data4lunghealth.ca\/fr\/wp-json\/wp\/v2\/types\/page"}],"author":[{"embeddable":true,"href":"https:\/\/data4lunghealth.ca\/fr\/wp-json\/wp\/v2\/users\/1"}],"replies":[{"embeddable":true,"href":"https:\/\/data4lunghealth.ca\/fr\/wp-json\/wp\/v2\/comments?post=10546"}],"version-history":[{"count":5,"href":"https:\/\/data4lunghealth.ca\/fr\/wp-json\/wp\/v2\/pages\/10546\/revisions"}],"predecessor-version":[{"id":11609,"href":"https:\/\/data4lunghealth.ca\/fr\/wp-json\/wp\/v2\/pages\/10546\/revisions\/11609"}],"wp:attachment":[{"href":"https:\/\/data4lunghealth.ca\/fr\/wp-json\/wp\/v2\/media?parent=10546"}],"curies":[{"name":"wp","href":"https:\/\/api.w.org\/{rel}","templated":true}]}}